{"id":18649,"date":"2025-03-13T08:42:33","date_gmt":"2025-03-13T08:42:33","guid":{"rendered":"https:\/\/incotechsrl.atklab.space\/contatti\/"},"modified":"2025-05-06T10:43:13","modified_gmt":"2025-05-06T10:43:13","slug":"contacts","status":"publish","type":"page","link":"https:\/\/incotechsrl.com\/fr\/contacts\/","title":{"rendered":"Contacts"},"content":{"rendered":"\t\t<div data-elementor-type=\"wp-page\" data-elementor-id=\"18649\" class=\"elementor elementor-18649\" data-elementor-post-type=\"page\">\n\t\t\t\t\t\t<section class=\"elementor-section elementor-top-section elementor-element elementor-element-ec63b5d elementor-section-stretched elementor-section-full_width elementor-section-height-default elementor-section-height-default\" data-id=\"ec63b5d\" data-element_type=\"section\" data-settings=\"{&quot;stretch_section&quot;:&quot;section-stretched&quot;,&quot;background_background&quot;:&quot;classic&quot;}\">\n\t\t\t\t\t\t<div class=\"elementor-container elementor-column-gap-default\">\n\t\t\t\t\t<div class=\"elementor-column elementor-col-100 elementor-top-column elementor-element elementor-element-9a9414e\" data-id=\"9a9414e\" data-element_type=\"column\">\n\t\t\t<div class=\"elementor-widget-wrap elementor-element-populated\">\n\t\t\t\t\t\t<div class=\"elementor-element elementor-element-4804067 elementor-widget elementor-widget-pix-slider\" data-id=\"4804067\" data-element_type=\"widget\" data-widget_type=\"pix-slider.default\">\n\t\t\t\t<div class=\"elementor-widget-container\">\n\t\t\t\t\t<div class=\"pix-slider-div  rounded-10\"   ><div id=\"pix-slider-755c8e9e\" class=\"pix-slider rounded-10 overflow-hidden  bg-black pix-slider-full no-dots\"  data-flickity='{\"autoPlay\":false,\"wrapAround\":true}'><div class=\"carousel-cell p-0\">\n\t\t\t\t\t\t\t            <div class=\"pix-intro-1 d-inline-block w-100\" >\n\t\t\t\t\t\t\t                <div class=\"pix-intro-img w-100\" data-speed=\"0.4\" ><img decoding=\"async\" class=\"pix-opacity-9 pix-fit-cover w-100\" src=\"https:\/\/incotechsrl.com\/wp-content\/uploads\/2025\/03\/shutterstock_2244189465-scaled.jpg\" data-srcset=\"https:\/\/incotechsrl.com\/wp-content\/uploads\/2025\/03\/shutterstock_2244189465-300x194.jpg 300w, https:\/\/incotechsrl.com\/wp-content\/uploads\/2025\/03\/shutterstock_2244189465-1024x663.jpg 1024w, https:\/\/incotechsrl.com\/wp-content\/uploads\/2025\/03\/shutterstock_2244189465-768x497.jpg 768w, https:\/\/incotechsrl.com\/wp-content\/uploads\/2025\/03\/shutterstock_2244189465-1536x995.jpg 1536w, https:\/\/incotechsrl.com\/wp-content\/uploads\/2025\/03\/shutterstock_2244189465-2048x1327.jpg 2048w, https:\/\/incotechsrl.com\/wp-content\/uploads\/2025\/03\/shutterstock_2244189465-622x400.jpg 622w, https:\/\/incotechsrl.com\/wp-content\/uploads\/2025\/03\/shutterstock_2244189465-600x389.jpg 600w\" alt=\"\" \/><\/div>\n\t\t\t\t\t\t\t                <div class=\"container\">\n\t\t\t\t\t\t\t                    <div class=\"slider-content-row  row-eq-height align-items-center pix-py-200\" >\n\t\t\t\t\t\t\t\t\t\t\t\t\t\n\t\t\t\t\t\t\t                        <div class=\"col-12 col-md-8 offset-md-2 pix-py-50 pix-px-40 d-md-flex\">\n\t\t\t\t\t\t\t\t\t\t\t\t\t\t\n\t\t\t\t\t\t\t                            <div class=\"w-100 text-center\"><div id=\"pix-intro-sliding-text\" class=\" text-inherit \"><h1 class=\"mb-32 pix-sliding-headline-2 animate-in font-weight-bold secondary-font text-white font-weight-bold mb-0 \" data-anim-type=\"pix-sliding-text\" pix-anim-delay=\"500\" data-class=\"secondary-font text-white\" style=\"\"><span class=\"slide-in-container \"><span class=\"pix-sliding-item secondary-font text-white\" style=\"transition-delay: 400ms;\">Vous&#32;<\/span><\/span> <span class=\"slide-in-container \"><span class=\"pix-sliding-item secondary-font text-white\" style=\"transition-delay: 550ms;\">avez&#32;<\/span><\/span> <span class=\"slide-in-container \"><span class=\"pix-sliding-item secondary-font text-white\" style=\"transition-delay: 700ms;\">besoin&#32;<\/span><\/span> <span class=\"slide-in-container \"><span class=\"pix-sliding-item secondary-font text-white\" style=\"transition-delay: 850ms;\">de&#32;<\/span><\/span> <span class=\"slide-in-container \"><span class=\"pix-sliding-item secondary-font text-white\" style=\"transition-delay: 1000ms;\">nous&#32;<\/span><\/span> <span class=\"slide-in-container \"><span class=\"pix-sliding-item secondary-font text-white\" style=\"transition-delay: 1150ms;\">?&#32;<\/span><\/span> <span class=\"slide-in-container \"><span class=\"pix-sliding-item secondary-font text-white\" style=\"transition-delay: 1300ms;\">Nous&#32;<\/span><\/span> <span class=\"slide-in-container \"><span class=\"pix-sliding-item secondary-font text-white\" style=\"transition-delay: 1450ms;\">sommes&#32;<\/span><\/span> <span class=\"slide-in-container \"><span class=\"pix-sliding-item secondary-font text-white\" style=\"transition-delay: 1600ms;\">l\u00e0&#32;<\/span><\/span> <span class=\"slide-in-container \"><span class=\"pix-sliding-item secondary-font text-white\" style=\"transition-delay: 1750ms;\">pour&#32;<\/span><\/span> <span class=\"slide-in-container \"><span class=\"pix-sliding-item secondary-font text-white\" style=\"transition-delay: 1900ms;\">vous&#32;<\/span><\/span> <span class=\"slide-in-container \"><span class=\"pix-sliding-item secondary-font text-white\" style=\"transition-delay: 2050ms;\">!&#32;<\/span><\/span> <\/h1><\/div><\/div>\n\t\t\t\t\t\t\t                        <\/div>\n\t\t\t\t\t\t\t                    <\/div>\n\t\t\t\t\t\t\t                <\/div>\n\t\t\t\t\t\t\t            <\/div>\n\t\t\t\t\t\t\t        <\/div><\/div><div class=\"container\"><div class=\"row\"><div class=\"col-12 px-0\"><div class=\"pix-slider-nav-full pix-style-2 animate-in\" data-anim-type=\"fade-in\" data-anim-delay=\"200\" data-nav-align=\"center\" data-slider=\"#pix-slider-755c8e9e\" ><div class=\"carousel-cell\">\n\t\t\t\t\t\t\t\t\t<div class=\"dot-img-container bg-gradient-primary shadow-lg shadow-hover-lg fly-sm  animate-in\"  data-anim-type=\"fade-in-right\" data-anim-delay=\"400\">\n\t\t\t\t\t\t\t\t\t<div class=\"dot-img-container-inner\">\n\t\t\t\t\t\t\t\t\t<img decoding=\"async\" class=\"img-fluid\" src=\"https:\/\/incotechsrl.com\/wp-content\/uploads\/2025\/03\/shutterstock_2244189465-scaled.jpg\" alt=\"\" \/>\n\t\t\t\t\t\t\t\t\t<\/div>\n\t\t\t\t\t\t\t\t\t<\/div>\n\t\t\t\t\t\t\t\t<\/div><\/div><\/div><\/div><\/div><\/div>\t\t\t\t<\/div>\n\t\t\t\t<\/div>\n\t\t\t\t\t<\/div>\n\t\t<\/div>\n\t\t\t\t\t<\/div>\n\t\t<\/section>\n\t\t\t\t<section class=\"elementor-section elementor-top-section elementor-element elementor-element-2c95dc46 elementor-section-boxed elementor-section-height-default elementor-section-height-default\" data-id=\"2c95dc46\" data-element_type=\"section\" data-settings=\"{&quot;background_background&quot;:&quot;classic&quot;}\">\n\t\t\t\t\t\t<div class=\"elementor-container elementor-column-gap-default\">\n\t\t\t\t\t<div class=\"elementor-column elementor-col-50 elementor-top-column elementor-element elementor-element-77c71807\" data-id=\"77c71807\" data-element_type=\"column\">\n\t\t\t<div class=\"elementor-widget-wrap elementor-element-populated\">\n\t\t\t\t\t\t<div class=\"elementor-element elementor-element-7449a7b0 elementor-widget elementor-widget-pix-sliding-text\" data-id=\"7449a7b0\" data-element_type=\"widget\" data-widget_type=\"pix-sliding-text.default\">\n\t\t\t\t<div class=\"elementor-widget-container\">\n\t\t\t\t\t<div id=\"el-7449a7b0\" class=\"mb-3 text-left \"><h3 class=\"mb-32 pix-sliding-headline-2 animate-in font-weight-bold secondary-font \" data-anim-type=\"pix-sliding-text\" pix-anim-delay=\"500\" data-class=\"secondary-font text-heading-default\" style=\"\"><span class=\"slide-in-container \"><span class=\"pix-sliding-item secondary-font text-heading-default\" style=\"transition-delay: 0ms;\">Informations&#32;<\/span><\/span> <span class=\"slide-in-container \"><span class=\"pix-sliding-item secondary-font text-heading-default\" style=\"transition-delay: 50ms;\">de&#32;<\/span><\/span> <span class=\"slide-in-container \"><span class=\"pix-sliding-item secondary-font text-heading-default\" style=\"transition-delay: 100ms;\">contact&#32;<\/span><\/span> <\/h3><\/div>\t\t\t\t<\/div>\n\t\t\t\t<\/div>\n\t\t\t\t<section class=\"elementor-section elementor-inner-section elementor-element elementor-element-b2f4f70 elementor-section-boxed elementor-section-height-default elementor-section-height-default elementor-invisible\" data-id=\"b2f4f70\" data-element_type=\"section\" data-settings=\"{&quot;background_background&quot;:&quot;classic&quot;,&quot;animation&quot;:&quot;fadeInUp&quot;}\">\n\t\t\t\t\t\t<div class=\"elementor-container elementor-column-gap-default\">\n\t\t\t\t\t<div class=\"elementor-column elementor-col-100 elementor-inner-column elementor-element elementor-element-28250c8\" data-id=\"28250c8\" data-element_type=\"column\">\n\t\t\t<div class=\"elementor-widget-wrap elementor-element-populated\">\n\t\t\t\t\t\t<div class=\"elementor-element elementor-element-42aeda2f elementor-invisible elementor-widget elementor-widget-pix-text\" data-id=\"42aeda2f\" data-element_type=\"widget\" data-widget_type=\"pix-text.default\">\n\t\t\t\t<div class=\"elementor-widget-container\">\n\t\t\t\t\t<div class=\"pix-el-text w-100 text-center \" ><div class=\"d-inline-block\" style=\"max-width:400px;\"><p class=\"text-18 resp-option text-heading-default text-center \" ><span class=\"text-heading-default animate-in d-inline-block\" data-anim-delay=\"100\" data-anim-type=\"fade-in-up\">Contactez-nous d\u00e8s aujourd'hui pour savoir comment nous pouvons vous aider \u00e0 am\u00e9liorer les performances de vos installations de s\u00e9chage<\/span><\/p><\/div><\/div>\t\t\t\t<\/div>\n\t\t\t\t<\/div>\n\t\t\t\t<div class=\"elementor-element elementor-element-02d96f3 elementor-widget elementor-widget-shortcode\" data-id=\"02d96f3\" data-element_type=\"widget\" data-widget_type=\"shortcode.default\">\n\t\t\t\t<div class=\"elementor-widget-container\">\n\t\t\t\t\t\t\t<div class=\"elementor-shortcode\">\n<div class=\"wpcf7 no-js\" id=\"wpcf7-f19635-o1\" lang=\"en-US\" dir=\"ltr\" data-wpcf7-id=\"19635\">\n<div class=\"screen-reader-response\"><p role=\"status\" aria-live=\"polite\" aria-atomic=\"true\"><\/p> <ul><\/ul><\/div>\n<form action=\"\/fr\/wp-json\/wp\/v2\/pages\/18649#wpcf7-f19635-o1\" method=\"post\" class=\"wpcf7-form init wpcf7-acceptance-as-validation\" aria-label=\"Contact form\" novalidate=\"novalidate\" data-status=\"init\">\n<div style=\"display: none;\">\n<input type=\"hidden\" name=\"_wpcf7\" value=\"19635\" \/>\n<input type=\"hidden\" name=\"_wpcf7_version\" value=\"6.0.6\" \/>\n<input type=\"hidden\" name=\"_wpcf7_locale\" value=\"en_US\" \/>\n<input type=\"hidden\" name=\"_wpcf7_unit_tag\" value=\"wpcf7-f19635-o1\" \/>\n<input type=\"hidden\" name=\"_wpcf7_container_post\" value=\"0\" \/>\n<input type=\"hidden\" name=\"_wpcf7_posted_data_hash\" value=\"\" \/>\n<input type=\"hidden\" name=\"_wpcf7_recaptcha_response\" value=\"\" \/>\n<\/div>\n<div class=\"pix-contact7-form\"><div class=\"form-row\">\n\t<div class=\"form-column\">\n\t\t<p><span class=\"wpcf7-form-control-wrap\" data-name=\"atk-name\"><input size=\"40\" maxlength=\"400\" class=\"wpcf7-form-control wpcf7-text wpcf7-validates-as-required form-input-contatti\" id=\"nome\" aria-required=\"true\" aria-invalid=\"false\" placeholder=\"Nom*\" value=\"\" type=\"text\" name=\"atk-name\" \/><\/span>\n\t\t<\/p>\n\t<\/div>\n\t<div class=\"form-column\">\n\t\t<p><span class=\"wpcf7-form-control-wrap\" data-name=\"atk-surname\"><input size=\"40\" maxlength=\"400\" class=\"wpcf7-form-control wpcf7-text wpcf7-validates-as-required form-input-contatti\" id=\"cognome\" aria-required=\"true\" aria-invalid=\"false\" placeholder=\"Pr\u00e9nom*\" value=\"\" type=\"text\" name=\"atk-surname\" \/><\/span>\n\t\t<\/p>\n\t<\/div>\n<\/div>\n<div class=\"form-row\">\n\t<div class=\"form-column\">\n\t\t<p><span class=\"wpcf7-form-control-wrap\" data-name=\"atk-email\"><input size=\"40\" maxlength=\"400\" class=\"wpcf7-form-control wpcf7-email wpcf7-validates-as-required wpcf7-text wpcf7-validates-as-email form-input-contatti\" id=\"email\" aria-required=\"true\" aria-invalid=\"false\" placeholder=\"Courriel*\" value=\"\" type=\"email\" name=\"atk-email\" \/><\/span>\n\t\t<\/p>\n\t<\/div>\n\t<div class=\"form-column\">\n\t\t<p><span class=\"wpcf7-form-control-wrap\" data-name=\"atk-company\"><input size=\"40\" maxlength=\"400\" class=\"wpcf7-form-control wpcf7-text wpcf7-validates-as-required form-input-contatti\" id=\"azienda\" aria-required=\"true\" aria-invalid=\"false\" placeholder=\"Soci\u00e9t\u00e9*\" value=\"\" type=\"text\" name=\"atk-company\" \/><\/span>\n\t\t<\/p>\n\t<\/div>\n<\/div>\n<div class=\"form-row\">\n\t<div class=\"form-column\">\n\t\t<p><span class=\"wpcf7-form-control-wrap\" data-name=\"atk-phone\"><input size=\"40\" maxlength=\"400\" class=\"wpcf7-form-control wpcf7-tel wpcf7-validates-as-required wpcf7-text wpcf7-validates-as-tel form-input-contatti\" id=\"telefono\" aria-required=\"true\" aria-invalid=\"false\" placeholder=\"T\u00e9l\u00e9phone*\" value=\"\" type=\"tel\" name=\"atk-phone\" \/><\/span>\n\t\t<\/p>\n\t<\/div>\n\t<div class=\"form-column\">\n\t\t<p><span class=\"wpcf7-form-control-wrap\" data-name=\"atk-address\"><input size=\"40\" maxlength=\"400\" class=\"wpcf7-form-control wpcf7-text wpcf7-validates-as-required form-input-contatti\" id=\"indirizzo\" aria-required=\"true\" aria-invalid=\"false\" placeholder=\"Adresse*\" value=\"\" type=\"text\" name=\"atk-address\" \/><\/span>\n\t\t<\/p>\n\t<\/div>\n<\/div>\n<div class=\"form-row\">\n\t<div class=\"form-column\">\n\t\t<p><span class=\"wpcf7-form-control-wrap\" data-name=\"atk-plant-type\"><input size=\"40\" maxlength=\"400\" class=\"wpcf7-form-control wpcf7-text wpcf7-validates-as-required form-input-contatti\" id=\"tipologia-impianto\" aria-required=\"true\" aria-invalid=\"false\" placeholder=\"Type d&#039;installation*\" value=\"\" type=\"text\" name=\"atk-plant-type\" \/><\/span>\n\t\t<\/p>\n\t<\/div>\n\t<div class=\"form-column\">\n\t\t<p><span class=\"wpcf7-form-control-wrap\" data-name=\"atk-contact-person\"><input size=\"40\" maxlength=\"400\" class=\"wpcf7-form-control wpcf7-text wpcf7-validates-as-required form-input-contatti\" id=\"referente\" aria-required=\"true\" aria-invalid=\"false\" placeholder=\"Personne de contact*\" value=\"\" type=\"text\" name=\"atk-contact-person\" \/><\/span>\n\t\t<\/p>\n\t<\/div>\n<\/div>\n<div class=\"form-row descrizione-problema\">\n\t<p><span class=\"wpcf7-form-control-wrap\" data-name=\"atk-problem-description\"><textarea cols=\"40\" rows=\"10\" maxlength=\"2000\" class=\"wpcf7-form-control wpcf7-textarea form-textarea-contatti\" id=\"descrizione-problema\" aria-invalid=\"false\" placeholder=\"Description du probl\u00e8me\" name=\"atk-problem-description\"><\/textarea><\/span>\n\t<\/p>\n<\/div>\n<div class=\"form-row align-items-center acceptance\">\n\t<div class=\"form-column-check\">\n\t\t<p><span class=\"wpcf7-form-control-wrap\" data-name=\"atk-consent\"><span class=\"wpcf7-form-control wpcf7-acceptance\"><span class=\"wpcf7-list-item\"><input type=\"checkbox\" name=\"atk-consent\" value=\"1\" class=\"form-checkbox\" aria-invalid=\"false\" \/><\/span><\/span><\/span>\n\t\t<\/p>\n\t<\/div>\n\t<div class=\"form-column-text\">\n\t\t<p><label class=\"privacy\"><span>J'accepte le traitement des donn\u00e9es personnelles selon les conditions exprim\u00e9es dans la <a href=\"https:\/\/www.iubenda.com\/privacy-policy\/92036724\" target=\"_blank\">Privacy Policy<\/a> & <a href=\"https:\/\/www.iubenda.com\/privacy-policy\/92036724\/cookie-policy\" target=\"_blank\">Cookie Policy<\/a> *<\/span><br \/>\n<\/label>\n\t\t<\/p>\n\t<\/div>\n<\/div>\n<div class=\"form-row\">\n\t<p><input class=\"wpcf7-form-control wpcf7-submit has-spinner form-submit\" type=\"submit\" value=\"Envoyer\" \/>\n\t<\/p>\n<\/div><\/div><div class=\"wpcf7-response-output\" aria-hidden=\"true\"><\/div>\n<\/form>\n<\/div>\n<\/div>\n\t\t\t\t\t\t<\/div>\n\t\t\t\t<\/div>\n\t\t\t\t\t<\/div>\n\t\t<\/div>\n\t\t\t\t\t<\/div>\n\t\t<\/section>\n\t\t\t\t\t<\/div>\n\t\t<\/div>\n\t\t\t\t<div class=\"elementor-column elementor-col-50 elementor-top-column elementor-element elementor-element-1ed9380c\" data-id=\"1ed9380c\" data-element_type=\"column\">\n\t\t\t<div class=\"elementor-widget-wrap elementor-element-populated\">\n\t\t\t\t\t\t<div class=\"elementor-element elementor-element-15b3087 elementor-invisible elementor-widget elementor-widget-pix-feature-list\" data-id=\"15b3087\" data-element_type=\"widget\" data-settings=\"{&quot;_animation&quot;:&quot;fadeInUp&quot;}\" data-widget_type=\"pix-feature-list.default\">\n\t\t\t\t<div class=\"elementor-widget-container\">\n\t\t\t\t\t<div id=\"accordion-511666b041b8bacde64af91bb860c98e\" class=\"w-100  \" ><div class=\"py-2 \"  ><div class=\"pix-feature-list text-18 justify-content-start font-weight-bold     py-2 d-flex align-items-center\" ><div class=\"d-inline-flex align-items-center pix-mr-10 text-primary\" style=\"font-size:1.2em;position:relative;line-height:1em;text-align:center;\"><svg class=\"pixfort-icon \" width=\"24\" height=\"24\"  data-name=\"Line\/pixfort-icon-earth-1\" viewBox=\"2 2 20 20\"><path fill=\"none\" stroke=\"var(--pf-icon-color)\" stroke-linecap=\"round\" stroke-linejoin=\"round\" stroke-width=\"var(--pf-icon-stroke-width)\" d=\"M12,21 C16.9705627,21 21,16.9705627 21,12 C21,7.02943725 16.9705627,3 12,3 C7.02943725,3 3,7.02943725 3,12 C3,16.9705627 7.02943725,21 12,21 Z M20.8162401,10.7889288 L19.0687426,10.4976792 C18.5351255,10.408743 17.9882408,10.5397682 17.5528604,10.8608613 L16.6202295,11.5486765 C16.3501843,11.7478349 16.0343719,11.8758502 15.7018726,11.9209349 L15.3263205,11.9718572 C14.9280162,12.0258646 14.5226802,11.9586045 14.1631659,11.7788474 L13.5138255,11.4541772 C13.3498336,11.3721812 13.1537193,11.3890274 13.0061136,11.4977896 C12.8547916,11.6092899 12.6596536,11.642661 12.4798787,11.5877824 L10.7387695,11.0562859 C10.4919916,10.9809537 10.2725597,10.8352464 10.1073794,10.6370301 C9.95816289,10.4579703 9.94826188,10.2008701 10.0832656,10.0108649 L10.2180584,9.82115645 C10.4272814,9.52669444 10.5528497,9.18106563 10.5814284,8.82097479 L10.729816,6.95129054 C10.7691392,6.45581823 10.6225632,5.96345556 10.3186552,5.57016293 L9.62238865,4.66911206 C9.54085688,4.56360036 9.44897766,4.4665068 9.34812251,4.37928072 L8.56307558,3.70032121 L8.56307558,3.70032121 M10.2751445,20.6130982 L10.4719977,18.907463 C10.5004184,18.6612117 10.5743698,18.4223896 10.6900829,18.2031684 L11.1802858,17.2744673 C11.4293036,16.802697 11.2641612,16.2185232 10.8050046,15.9469496 L8.52913668,14.6008605 C8.25596161,14.4392878 8.02516115,14.2150223 7.8558109,13.9465995 L7.78165869,13.8290671 C7.57569929,13.5026181 7.20871119,13.3137626 6.82335692,13.3359048 C4.69321442,13.4583653 3.62814317,13.6422052 3.62814317,13.8874244\"\/><\/svg><\/div><span class=\"text-heading-default\">Via G. Ferraris, 50. 31044 Montebelluna (Tv) - Italia<\/span><\/div><div class=\"pix-feature-list text-18 justify-content-start font-weight-bold     py-2 d-flex align-items-center\" ><div class=\"d-inline-flex align-items-center pix-mr-10 text-primary\" style=\"font-size:1.2em;position:relative;line-height:1em;text-align:center;\"><svg class=\"pixfort-icon \" width=\"24\" height=\"24\"  data-name=\"Line\/pixfort-icon-telephone-1\" viewBox=\"2 2 20 20\"><path fill=\"none\" stroke=\"var(--pf-icon-color)\" stroke-linecap=\"round\" stroke-linejoin=\"round\" stroke-width=\"var(--pf-icon-stroke-width)\" d=\"M18.8832522,15.2149875 L16.6435199,14.9557395 C16.063686,14.888624 15.4834673,15.0781662 15.0550765,15.474642 L13.9101291,16.5342913 L13.9101291,16.5342913 C11.0247673,15.2272362 8.65046344,13.0476406 7.32012905,9.94429134 L8.40498315,8.93981673 C8.87321964,8.50627302 9.10646531,7.87531619 9.03281655,7.24145388 L8.78582632,5.11571837 C8.65834351,4.01853018 7.6655515,3.23242866 6.56836332,3.35991148 C6.52669972,3.36475239 6.48519872,3.37090276 6.44392189,3.37835345 L4.03181843,3.81375119 C3.42678981,3.92293172 2.99622204,4.46337942 3.02497102,5.07750767 C3.02497102,5.07750767 3.02497102,5.07750767 3.02497102,5.07750767 C3.46000713,14.3706349 9.54976692,20.5603505 18.9740596,20.9775141 C18.9740596,20.9775141 18.9740596,20.9775141 18.9740596,20.9775141 C19.5592738,21.0034184 20.0735032,20.5926686 20.177581,20.0162014 L20.6214816,17.5569921 C20.8176915,16.4699892 20.095561,15.4297396 19.0085581,15.2335297 C18.9669957,15.2260274 18.9252062,15.2198436 18.8832522,15.2149875 Z\"\/><\/svg><\/div><span class=\"text-heading-default\">+39 0423 21646<\/span><\/div><div class=\"pix-feature-list text-18 justify-content-start font-weight-bold     py-2 d-flex align-items-center\" ><div class=\"d-inline-flex align-items-center pix-mr-10 text-primary\" style=\"font-size:1.2em;position:relative;line-height:1em;text-align:center;\"><svg class=\"pixfort-icon \" width=\"24\" height=\"24\"  data-name=\"Line\/pixfort-icon-mail-open-2\" viewBox=\"2 2 20 20\"><path fill=\"none\" stroke=\"var(--pf-icon-color)\" stroke-linecap=\"round\" stroke-linejoin=\"round\" stroke-width=\"var(--pf-icon-stroke-width)\" d=\"M3.4452998,8.70313346 L10.8905996,3.73960026 C11.5623984,3.29173438 12.4376016,3.29173438 13.1094004,3.73960026 L20.5547002,8.70313346 C20.8328989,8.88859924 21,9.20083057 21,9.53518376 L21,19 C21,20.1045695 20.1045695,21 19,21 L5,21 C3.8954305,21 3,20.1045695 3,19 L3,9.53518376 C3,9.20083057 3.16710114,8.88859924 3.4452998,8.70313346 Z M9,13.5918345 L3.59082089,20.4037252 M14.9959078,13.5918345 L20.4003124,20.3914607 M3.30149167,8.98779765 L10.7448982,14.9882141 C11.4774541,15.5787556 12.5225812,15.5787994 13.2551866,14.9883193 L20.7,8.98779765 L20.7,8.98779765\"\/><\/svg><\/div><span class=\"text-heading-default\">service@incotechsrl.com<\/span><\/div><\/div><\/div>\t\t\t\t<\/div>\n\t\t\t\t<\/div>\n\t\t\t\t<section class=\"pix-base-transition animate-in elementor-section elementor-inner-section elementor-element elementor-element-1f962bf1 elementor-section-boxed elementor-section-height-default elementor-section-height-default\" data-anim-type=\"pix-3d-right-in\" data-anim-delay=\"0\" data-id=\"1f962bf1\" data-element_type=\"section\" data-settings=\"{&quot;background_background&quot;:&quot;classic&quot;}\">\n\t\t\t\t\t\t<div class=\"elementor-container elementor-column-gap-default\">\n\t\t\t\t\t<div class=\"elementor-column elementor-col-100 elementor-inner-column elementor-element elementor-element-2ca9a908\" data-id=\"2ca9a908\" data-element_type=\"column\">\n\t\t\t<div class=\"elementor-widget-wrap elementor-element-populated\">\n\t\t\t\t\t\t<div class=\"elementor-element elementor-element-6510cb5e elementor-widget elementor-widget-google_maps\" data-id=\"6510cb5e\" data-element_type=\"widget\" data-widget_type=\"google_maps.default\">\n\t\t\t\t<div class=\"elementor-widget-container\">\n\t\t\t\t\t\t\t<div class=\"elementor-custom-embed\">\n\t\t\t<iframe loading=\"lazy\"\n\t\t\t\t\tsrc=\"https:\/\/maps.google.com\/maps?q=Via%20G.%20Ferraris%2C%2050.%2031044%20Montebelluna%20%28Tv%29%20-%20Italia&#038;t=m&#038;z=13&#038;output=embed&#038;iwloc=near\"\n\t\t\t\t\ttitle=\"Via G. Ferraris, 50. 31044 Montebelluna (Tv) - Italia\"\n\t\t\t\t\taria-label=\"Via G. Ferraris, 50. 31044 Montebelluna (Tv) - Italia\"\n\t\t\t><\/iframe>\n\t\t<\/div>\n\t\t\t\t\t\t<\/div>\n\t\t\t\t<\/div>\n\t\t\t\t\t<\/div>\n\t\t<\/div>\n\t\t\t\t\t<\/div>\n\t\t<\/section>\n\t\t\t\t\t<\/div>\n\t\t<\/div>\n\t\t\t\t\t<\/div>\n\t\t<\/section>\n\t\t\t\t<\/div>\n\t\t","protected":false},"excerpt":{"rendered":"<p>Vous&#32; avez&#32; besoin&#32; de&#32; nous&#32; ?&#32; Nous&#32; sommes&#32; l\u00e0&#32; pour&#32; vous&#32; !&#32; Informations&#32; de&#32; contact&#32; Contactez-nous d\u00e8s aujourd&rsquo;hui pour savoir comment nous pouvons vous aider \u00e0 am\u00e9liorer les performances de vos installations de s\u00e9chage Via G. Ferraris, 50. 31044 Montebelluna&#8230;<\/p>\n","protected":false},"author":2,"featured_media":0,"parent":0,"menu_order":0,"comment_status":"closed","ping_status":"closed","template":"","meta":{"inline_featured_image":false,"footnotes":""},"class_list":["post-18649","page","type-page","status-publish","hentry"],"_links":{"self":[{"href":"https:\/\/incotechsrl.com\/fr\/wp-json\/wp\/v2\/pages\/18649","targetHints":{"allow":["GET"]}}],"collection":[{"href":"https:\/\/incotechsrl.com\/fr\/wp-json\/wp\/v2\/pages"}],"about":[{"href":"https:\/\/incotechsrl.com\/fr\/wp-json\/wp\/v2\/types\/page"}],"author":[{"embeddable":true,"href":"https:\/\/incotechsrl.com\/fr\/wp-json\/wp\/v2\/users\/2"}],"replies":[{"embeddable":true,"href":"https:\/\/incotechsrl.com\/fr\/wp-json\/wp\/v2\/comments?post=18649"}],"version-history":[{"count":20,"href":"https:\/\/incotechsrl.com\/fr\/wp-json\/wp\/v2\/pages\/18649\/revisions"}],"predecessor-version":[{"id":19641,"href":"https:\/\/incotechsrl.com\/fr\/wp-json\/wp\/v2\/pages\/18649\/revisions\/19641"}],"wp:attachment":[{"href":"https:\/\/incotechsrl.com\/fr\/wp-json\/wp\/v2\/media?parent=18649"}],"curies":[{"name":"wp","href":"https:\/\/api.w.org\/{rel}","templated":true}]}}